{"id":89,"date":"2021-11-29T07:44:42","date_gmt":"2021-11-29T07:44:42","guid":{"rendered":"https:\/\/wilfried-der-magier.de\/?page_id=89"},"modified":"2022-04-22T11:22:01","modified_gmt":"2022-04-22T11:22:01","slug":"wilfried-der-magier-2-2","status":"publish","type":"page","link":"https:\/\/wilfried-der-magier.de\/","title":{"rendered":"Wilfried der Magier"},"content":{"rendered":"\n<div class=\"wp-block-cover alignfull\"><span aria-hidden=\"true\" class=\"has-background-dim-0 wp-block-cover__gradient-background has-background-dim\"><\/span><img loading=\"lazy\" decoding=\"async\" width=\"1572\" height=\"617\" class=\"wp-block-cover__image-background wp-image-135\" alt=\"\" src=\"https:\/\/wilfried-der-magier.de\/wp-content\/uploads\/2021\/12\/headerNEU-2.jpg\" data-object-fit=\"cover\" srcset=\"https:\/\/wilfried-der-magier.de\/wp-content\/uploads\/2021\/12\/headerNEU-2.jpg 1572w, https:\/\/wilfried-der-magier.de\/wp-content\/uploads\/2021\/12\/headerNEU-2-300x118.jpg 300w, https:\/\/wilfried-der-magier.de\/wp-content\/uploads\/2021\/12\/headerNEU-2-1024x402.jpg 1024w, https:\/\/wilfried-der-magier.de\/wp-content\/uploads\/2021\/12\/headerNEU-2-768x301.jpg 768w, https:\/\/wilfried-der-magier.de\/wp-content\/uploads\/2021\/12\/headerNEU-2-1536x603.jpg 1536w, https:\/\/wilfried-der-magier.de\/wp-content\/uploads\/2021\/12\/headerNEU-2-1568x615.jpg 1568w\" sizes=\"auto, (max-width: 1572px) 100vw, 1572px\" \/><div class=\"wp-block-cover__inner-container is-layout-flow wp-block-cover-is-layout-flow\">\n<p class=\"has-text-align-center has-large-font-size\"><br><br><br><br><br><br><br><br><br><br><br><br><br><br><br><br><br><br><br><br><br><br><br><br><br><br><br><br><\/p>\n<\/div><\/div>\n\n\n\n<div class=\"wp-block-cover alignfull is-light\"><span aria-hidden=\"true\" class=\"has-background-dim-0 wp-block-cover__gradient-background has-background-dim\"><\/span><img loading=\"lazy\" decoding=\"async\" width=\"2560\" height=\"1711\" class=\"wp-block-cover__image-background wp-image-22\" alt=\"\" src=\"https:\/\/wilfried-der-magier.de\/wp-content\/uploads\/2021\/11\/pexels-pixabay-235985-scaled.jpg\" data-object-fit=\"cover\" srcset=\"https:\/\/wilfried-der-magier.de\/wp-content\/uploads\/2021\/11\/pexels-pixabay-235985-scaled.jpg 2560w, https:\/\/wilfried-der-magier.de\/wp-content\/uploads\/2021\/11\/pexels-pixabay-235985-300x201.jpg 300w, https:\/\/wilfried-der-magier.de\/wp-content\/uploads\/2021\/11\/pexels-pixabay-235985-1024x684.jpg 1024w, https:\/\/wilfried-der-magier.de\/wp-content\/uploads\/2021\/11\/pexels-pixabay-235985-768x513.jpg 768w, https:\/\/wilfried-der-magier.de\/wp-content\/uploads\/2021\/11\/pexels-pixabay-235985-1536x1027.jpg 1536w, https:\/\/wilfried-der-magier.de\/wp-content\/uploads\/2021\/11\/pexels-pixabay-235985-2048x1369.jpg 2048w, https:\/\/wilfried-der-magier.de\/wp-content\/uploads\/2021\/11\/pexels-pixabay-235985-1568x1048.jpg 1568w\" sizes=\"auto, (max-width: 2560px) 100vw, 2560px\" \/><div class=\"wp-block-cover__inner-container is-layout-flow wp-block-cover-is-layout-flow\">\n<h3 class=\"has-text-align-center has-black-color has-text-color wp-block-heading\"><br><br><br><br><strong>Wilfried der Magier<\/strong><br><em>Magisches Spiel und Gaukelei<\/em><\/h3>\n\n\n\n<div class=\"wp-block-columns alignfull is-layout-flex wp-container-core-columns-is-layout-9d6595d7 wp-block-columns-is-layout-flex\">\n<div class=\"wp-block-column is-layout-flow wp-block-column-is-layout-flow\">\n<p class=\"has-black-color has-text-color has-large-font-size\"><em><strong>Auf, lasst uns das Spiel beginnen &#8230;<\/strong><\/em><\/p>\n\n\n\n<p class=\"has-black-color has-text-color has-large-font-size\">W\u00fcnscht Ihr magische Unterhaltung und Gaukelei? So seid Ihr hier genau richtig.<\/p>\n\n\n\n<p class=\"has-black-color has-text-color has-large-font-size\">Seid vielen Jahren schon tritt Wilfried, der Magier auf&nbsp; Mittelalterfesten oder auch auf Feiern auf.&nbsp;<\/p>\n\n\n\n<p class=\"has-black-color has-text-color has-large-font-size\">Mit seinem Handkarren kann er an den&nbsp;unterschiedlichsten Orten eine Vorstellung geben.&nbsp;<\/p>\n\n\n\n<p class=\"has-black-color has-text-color has-large-font-size\">Ganz nah &#8211; oder auch vor gro\u00dfem Publikum.<br><br><br><br><br><br><br><br><br><br><\/p>\n<\/div>\n\n\n\n<div class=\"wp-block-column is-layout-flow wp-block-column-is-layout-flow\">\n<div class=\"wp-block-image is-style-rounded\"><figure class=\"aligncenter size-full is-resized\"><img loading=\"lazy\" decoding=\"async\" src=\"https:\/\/wilfried-der-magier.de\/wp-content\/uploads\/2021\/11\/willkommen2.jpg\" alt=\"\" class=\"wp-image-24\" width=\"514\" height=\"514\" srcset=\"https:\/\/wilfried-der-magier.de\/wp-content\/uploads\/2021\/11\/willkommen2.jpg 675w, https:\/\/wilfried-der-magier.de\/wp-content\/uploads\/2021\/11\/willkommen2-300x300.jpg 300w, https:\/\/wilfried-der-magier.de\/wp-content\/uploads\/2021\/11\/willkommen2-150x150.jpg 150w\" sizes=\"auto, (max-width: 514px) 100vw, 514px\" \/><\/figure><\/div>\n<\/div>\n<\/div>\n<\/div><\/div>\n\n\n\n<div class=\"wp-block-cover alignfull is-light has-parallax\" style=\"background-image:url(https:\/\/wilfried-der-magier.de\/wp-content\/uploads\/2021\/11\/IMG_2288-scaled.jpeg)\"><span aria-hidden=\"true\" class=\"has-background-dim-30 wp-block-cover__gradient-background has-background-dim\"><\/span><div class=\"wp-block-cover__inner-container is-layout-flow wp-block-cover-is-layout-flow\">\n<h3 class=\"has-text-align-center wp-block-heading\"><br><br><br><strong>Vita<\/strong><br><\/h3>\n\n\n\n<p class=\"has-text-align-center\">Wilfried Seinsche, alias Wilfried, der Magier. Geboren 1960 in Waldbr\u00f6l kam er nach seiner Berufsausbildung&nbsp; zum Diplom Sozialp\u00e4dagogen 1989 \u00fcber die Jugendarbeit zur Zauberkunst. <br><br>Was eigentlich erlebnisp\u00e4dagogisch in die Jugendarbeit&nbsp;einflie\u00dfen sollte, wurde mehr und mehr zur eigenen Passion.<\/p>\n\n\n\n<p class=\"has-text-align-center\">Es folgte der Eintritt in den Magischen Zirkel von Deutschland und die Mitarbeit bei der Gauklergruppe Lampenfieber, mit denen er mehrere&nbsp;Jahre im Westerwald auftrat.<\/p>\n\n\n\n<p class=\"has-text-align-center\">Heute arbeitet er hauptberuflich als Kinder- und Jugendlichenpsychotherapeut und nebenberuflich als Zauberk\u00fcnstler.<br><br>Seinen Schwerpunkt in der Zauberkunst setzt er heute in die mittelalterliche&nbsp;Zauberdarbietung. In der Rolle des Magiers kn\u00fcpft er an&nbsp;alte Erz\u00e4hltraditionen an und verbindet sie mit moderner Zauberkunst.&nbsp;<br><br><br><\/p>\n<\/div><\/div>\n\n\n\n<div class=\"wp-block-cover alignfull is-light\"><span aria-hidden=\"true\" class=\"has-background-dim-0 wp-block-cover__gradient-background has-background-dim\"><\/span><img loading=\"lazy\" decoding=\"async\" width=\"2560\" height=\"1711\" class=\"wp-block-cover__image-background wp-image-22\" alt=\"\" src=\"https:\/\/wilfried-der-magier.de\/wp-content\/uploads\/2021\/11\/pexels-pixabay-235985-scaled.jpg\" data-object-fit=\"cover\" srcset=\"https:\/\/wilfried-der-magier.de\/wp-content\/uploads\/2021\/11\/pexels-pixabay-235985-scaled.jpg 2560w, https:\/\/wilfried-der-magier.de\/wp-content\/uploads\/2021\/11\/pexels-pixabay-235985-300x201.jpg 300w, https:\/\/wilfried-der-magier.de\/wp-content\/uploads\/2021\/11\/pexels-pixabay-235985-1024x684.jpg 1024w, https:\/\/wilfried-der-magier.de\/wp-content\/uploads\/2021\/11\/pexels-pixabay-235985-768x513.jpg 768w, https:\/\/wilfried-der-magier.de\/wp-content\/uploads\/2021\/11\/pexels-pixabay-235985-1536x1027.jpg 1536w, https:\/\/wilfried-der-magier.de\/wp-content\/uploads\/2021\/11\/pexels-pixabay-235985-2048x1369.jpg 2048w, https:\/\/wilfried-der-magier.de\/wp-content\/uploads\/2021\/11\/pexels-pixabay-235985-1568x1048.jpg 1568w\" sizes=\"auto, (max-width: 2560px) 100vw, 2560px\" \/><div class=\"wp-block-cover__inner-container is-layout-flow wp-block-cover-is-layout-flow\">\n<h3 class=\"has-text-align-center has-black-color has-text-color wp-block-heading\"><br><strong>Galerie \/ Media<\/strong><br><\/h3>\n\n\n\n<p class=\"has-text-align-center has-black-color has-text-color\">Ja, schaut nur her &#8211; <em>lasst Euch dieses&nbsp;Schauspiel nicht&nbsp;entgehen!<\/em> Trauet Euren&nbsp;&nbsp;&nbsp;Augen nicht,&nbsp;&nbsp;Augen tr\u00fcgen&nbsp;f\u00fcrchterlich. <\/p>\n\n\n\n<p class=\"has-text-align-center has-black-color has-text-color\">Was ist Wahrheit? &#8211;&nbsp;&nbsp;<\/p>\n\n\n\n<p class=\"has-text-align-center has-black-color has-text-color\">Ist Wahrheit das, was wir mit Augen sehen?<br><br><\/p>\n\n\n\n<div class=\"wp-block-columns alignfull is-layout-flex wp-container-core-columns-is-layout-9d6595d7 wp-block-columns-is-layout-flex\">\n<div class=\"wp-block-column is-layout-flow wp-block-column-is-layout-flow\">\n<figure class=\"wp-block-embed is-type-video is-provider-youtube wp-block-embed-youtube wp-embed-aspect-16-9 wp-has-aspect-ratio\"><div class=\"wp-block-embed__wrapper\">\n<iframe loading=\"lazy\" title=\"Bildergalerie Auftritte\" width=\"750\" height=\"422\" src=\"https:\/\/www.youtube.com\/embed\/Wr5oY8r9mwI?feature=oembed\" frameborder=\"0\" allow=\"accelerometer; autoplay; clipboard-write; encrypted-media; gyroscope; picture-in-picture\" allowfullscreen><\/iframe>\n<\/div><\/figure>\n<\/div>\n\n\n\n<div class=\"wp-block-column is-layout-flow wp-block-column-is-layout-flow\">\n<figure class=\"wp-block-embed is-type-video is-provider-youtube wp-block-embed-youtube wp-embed-aspect-16-9 wp-has-aspect-ratio\"><div class=\"wp-block-embed__wrapper\">\n<iframe loading=\"lazy\" title=\"Wilfried, der Magier\" width=\"750\" height=\"422\" src=\"https:\/\/www.youtube.com\/embed\/s6x_rKtNjFo?feature=oembed\" frameborder=\"0\" allow=\"accelerometer; autoplay; clipboard-write; encrypted-media; gyroscope; picture-in-picture\" allowfullscreen><\/iframe>\n<\/div><\/figure>\n<\/div>\n<\/div>\n\n\n\n<figure class=\"wp-block-gallery alignfull has-nested-images columns-default is-cropped wp-block-gallery-1 is-layout-flex wp-block-gallery-is-layout-flex\">\n<figure class=\"wp-block-image size-large\"><img loading=\"lazy\" decoding=\"async\" width=\"640\" height=\"960\" data-id=\"27\" src=\"https:\/\/wilfried-der-magier.de\/wp-content\/uploads\/2021\/11\/18664601_693898897449213_3729340882713017106_n.jpg\" alt=\"Wilfried der Magier\" class=\"wp-image-27\" srcset=\"https:\/\/wilfried-der-magier.de\/wp-content\/uploads\/2021\/11\/18664601_693898897449213_3729340882713017106_n.jpg 640w, https:\/\/wilfried-der-magier.de\/wp-content\/uploads\/2021\/11\/18664601_693898897449213_3729340882713017106_n-200x300.jpg 200w\" sizes=\"auto, (max-width: 640px) 100vw, 640px\" \/><figcaption>\n<\/figcaption><\/figure>\n\n\n\n<figure class=\"wp-block-image size-large\"><img loading=\"lazy\" decoding=\"async\" width=\"1024\" height=\"683\" data-id=\"25\" src=\"https:\/\/wilfried-der-magier.de\/wp-content\/uploads\/2021\/11\/13227378_525254410980330_472362202875157716_o-1024x683.jpg\" alt=\"Wilfried der Magier\" class=\"wp-image-25\" srcset=\"https:\/\/wilfried-der-magier.de\/wp-content\/uploads\/2021\/11\/13227378_525254410980330_472362202875157716_o-1024x683.jpg 1024w, https:\/\/wilfried-der-magier.de\/wp-content\/uploads\/2021\/11\/13227378_525254410980330_472362202875157716_o-300x200.jpg 300w, https:\/\/wilfried-der-magier.de\/wp-content\/uploads\/2021\/11\/13227378_525254410980330_472362202875157716_o-768x512.jpg 768w, https:\/\/wilfried-der-magier.de\/wp-content\/uploads\/2021\/11\/13227378_525254410980330_472362202875157716_o-1536x1024.jpg 1536w, https:\/\/wilfried-der-magier.de\/wp-content\/uploads\/2021\/11\/13227378_525254410980330_472362202875157716_o-1568x1045.jpg 1568w, https:\/\/wilfried-der-magier.de\/wp-content\/uploads\/2021\/11\/13227378_525254410980330_472362202875157716_o.jpg 2048w\" sizes=\"auto, (max-width: 1024px) 100vw, 1024px\" \/><figcaption>  <\/figcaption><\/figure>\n\n\n\n<figure class=\"wp-block-image size-large\"><img loading=\"lazy\" decoding=\"async\" width=\"640\" height=\"960\" data-id=\"26\" src=\"https:\/\/wilfried-der-magier.de\/wp-content\/uploads\/2021\/11\/13240090_525254660980305_3337156360297552328_n.jpg\" alt=\"\" class=\"wp-image-26\" srcset=\"https:\/\/wilfried-der-magier.de\/wp-content\/uploads\/2021\/11\/13240090_525254660980305_3337156360297552328_n.jpg 640w, https:\/\/wilfried-der-magier.de\/wp-content\/uploads\/2021\/11\/13240090_525254660980305_3337156360297552328_n-200x300.jpg 200w\" sizes=\"auto, (max-width: 640px) 100vw, 640px\" \/><\/figure>\n\n\n\n<figure class=\"wp-block-image size-large\"><img loading=\"lazy\" decoding=\"async\" width=\"640\" height=\"960\" data-id=\"28\" src=\"https:\/\/wilfried-der-magier.de\/wp-content\/uploads\/2021\/11\/18740554_693899730782463_6864771021799533917_n.jpg\" alt=\"\" class=\"wp-image-28\" srcset=\"https:\/\/wilfried-der-magier.de\/wp-content\/uploads\/2021\/11\/18740554_693899730782463_6864771021799533917_n.jpg 640w, https:\/\/wilfried-der-magier.de\/wp-content\/uploads\/2021\/11\/18740554_693899730782463_6864771021799533917_n-200x300.jpg 200w\" sizes=\"auto, (max-width: 640px) 100vw, 640px\" \/><\/figure>\n\n\n\n<figure class=\"wp-block-image size-large\"><img loading=\"lazy\" decoding=\"async\" width=\"1024\" height=\"683\" data-id=\"30\" src=\"https:\/\/wilfried-der-magier.de\/wp-content\/uploads\/2021\/11\/bad-waldliesborn-5-1024x683.jpg\" alt=\"\" class=\"wp-image-30\" srcset=\"https:\/\/wilfried-der-magier.de\/wp-content\/uploads\/2021\/11\/bad-waldliesborn-5-1024x683.jpg 1024w, https:\/\/wilfried-der-magier.de\/wp-content\/uploads\/2021\/11\/bad-waldliesborn-5-300x200.jpg 300w, https:\/\/wilfried-der-magier.de\/wp-content\/uploads\/2021\/11\/bad-waldliesborn-5-768x512.jpg 768w, https:\/\/wilfried-der-magier.de\/wp-content\/uploads\/2021\/11\/bad-waldliesborn-5-1536x1024.jpg 1536w, https:\/\/wilfried-der-magier.de\/wp-content\/uploads\/2021\/11\/bad-waldliesborn-5-1568x1045.jpg 1568w, https:\/\/wilfried-der-magier.de\/wp-content\/uploads\/2021\/11\/bad-waldliesborn-5.jpg 2048w\" sizes=\"auto, (max-width: 1024px) 100vw, 1024px\" \/><\/figure>\n\n\n\n<figure class=\"wp-block-image size-large\"><img loading=\"lazy\" decoding=\"async\" width=\"1024\" height=\"576\" data-id=\"32\" src=\"https:\/\/wilfried-der-magier.de\/wp-content\/uploads\/2021\/11\/IMG_2288-1024x576.jpeg\" alt=\"Wilfried der Magier\" class=\"wp-image-32\" srcset=\"https:\/\/wilfried-der-magier.de\/wp-content\/uploads\/2021\/11\/IMG_2288-1024x576.jpeg 1024w, https:\/\/wilfried-der-magier.de\/wp-content\/uploads\/2021\/11\/IMG_2288-300x169.jpeg 300w, https:\/\/wilfried-der-magier.de\/wp-content\/uploads\/2021\/11\/IMG_2288-768x432.jpeg 768w, https:\/\/wilfried-der-magier.de\/wp-content\/uploads\/2021\/11\/IMG_2288-1536x863.jpeg 1536w, https:\/\/wilfried-der-magier.de\/wp-content\/uploads\/2021\/11\/IMG_2288-2048x1151.jpeg 2048w, https:\/\/wilfried-der-magier.de\/wp-content\/uploads\/2021\/11\/IMG_2288-1568x881.jpeg 1568w\" sizes=\"auto, (max-width: 1024px) 100vw, 1024px\" \/><figcaption>Wilfried, der Magier auf  Mittelalterfesten oder auch auf Feiern auf. \n<\/figcaption><\/figure>\n<\/figure>\n<\/div><\/div>\n\n\n\n<div class=\"wp-block-cover alignfull is-light has-parallax\" style=\"background-image:url(https:\/\/wilfried-der-magier.de\/wp-content\/uploads\/2021\/11\/bad-waldliesborn-5.jpg)\"><span aria-hidden=\"true\" class=\"wp-block-cover__gradient-background has-background-dim\"><\/span><div class=\"wp-block-cover__inner-container is-layout-flow wp-block-cover-is-layout-flow\">\n<h3 class=\"has-text-align-center wp-block-heading\"><strong>Kontakt<\/strong><\/h3>\n\n\n\n<div class=\"wp-block-columns alignfull is-layout-flex wp-container-core-columns-is-layout-9d6595d7 wp-block-columns-is-layout-flex\">\n<div class=\"wp-block-column is-layout-flow wp-block-column-is-layout-flow\">\n<p class=\"has-text-align-center has-large-font-size\"><strong>Wilfried, der Magier<\/strong><br>Wilfried Seinsche<\/p>\n\n\n\n<p class=\"has-text-align-center has-large-font-size\">Telefon: 02523 923474<br>Mobil: 0173 2700326<\/p>\n\n\n\n<p class=\"has-text-align-center has-large-font-size\">E-Mail: wilfried.seinsche(at)t-online.de<br><br><img loading=\"lazy\" decoding=\"async\" width=\"250\" height=\"248\" class=\"wp-image-129\" style=\"width: 250px;\" src=\"https:\/\/wilfried-der-magier.de\/wp-content\/uploads\/2021\/12\/LgoNEU02-1.png\" alt=\"\" srcset=\"https:\/\/wilfried-der-magier.de\/wp-content\/uploads\/2021\/12\/LgoNEU02-1.png 1727w, https:\/\/wilfried-der-magier.de\/wp-content\/uploads\/2021\/12\/LgoNEU02-1-300x297.png 300w, https:\/\/wilfried-der-magier.de\/wp-content\/uploads\/2021\/12\/LgoNEU02-1-1024x1014.png 1024w, https:\/\/wilfried-der-magier.de\/wp-content\/uploads\/2021\/12\/LgoNEU02-1-150x150.png 150w, https:\/\/wilfried-der-magier.de\/wp-content\/uploads\/2021\/12\/LgoNEU02-1-768x760.png 768w, https:\/\/wilfried-der-magier.de\/wp-content\/uploads\/2021\/12\/LgoNEU02-1-1536x1521.png 1536w, https:\/\/wilfried-der-magier.de\/wp-content\/uploads\/2021\/12\/LgoNEU02-1-1568x1553.png 1568w\" sizes=\"auto, (max-width: 250px) 100vw, 250px\" \/><br><br><a href=\"https:\/\/wilfried-der-magier.de\/?page_id=59\" data-type=\"page\" data-id=\"59\">Impressum<\/a> I <a href=\"https:\/\/wilfried-der-magier.de\/?page_id=72\" data-type=\"page\" data-id=\"72\">Datenschutz<\/a><\/p>\n<\/div>\n\n\n\n<div class=\"wp-block-column is-layout-flow wp-block-column-is-layout-flow\">\n<div class=\"wpcf7 no-js\" id=\"wpcf7-f52-o1\" lang=\"de-DE\" dir=\"ltr\" data-wpcf7-id=\"52\">\n<div class=\"screen-reader-response\"><p role=\"status\" aria-live=\"polite\" aria-atomic=\"true\"><\/p> <ul><\/ul><\/div>\n<form action=\"\/index.php?rest_route=%2Fwp%2Fv2%2Fpages%2F89#wpcf7-f52-o1\" method=\"post\" class=\"wpcf7-form init\" aria-label=\"Kontaktformular\" novalidate=\"novalidate\" data-status=\"init\">\n<fieldset class=\"hidden-fields-container\"><input type=\"hidden\" name=\"_wpcf7\" value=\"52\" \/><input type=\"hidden\" name=\"_wpcf7_version\" value=\"6.1.6\" \/><input type=\"hidden\" name=\"_wpcf7_locale\" value=\"de_DE\" \/><input type=\"hidden\" name=\"_wpcf7_unit_tag\" value=\"wpcf7-f52-o1\" \/><input type=\"hidden\" name=\"_wpcf7_container_post\" value=\"0\" \/><input type=\"hidden\" name=\"_wpcf7_posted_data_hash\" value=\"\" \/>\n<\/fieldset>\n<p><label> Euer Vorname*<br \/>\n<span class=\"wpcf7-form-control-wrap\" data-name=\"your-vorname\"><input size=\"40\" maxlength=\"400\" class=\"wpcf7-form-control wpcf7-text wpcf7-validates-as-required\" aria-required=\"true\" aria-invalid=\"false\" value=\"\" type=\"text\" name=\"your-vorname\" \/><\/span> <\/label>\n<\/p>\n<p><label> Euer Nachname*<br \/>\n<span class=\"wpcf7-form-control-wrap\" data-name=\"your-nachname\"><input size=\"40\" maxlength=\"400\" class=\"wpcf7-form-control wpcf7-text wpcf7-validates-as-required\" aria-required=\"true\" aria-invalid=\"false\" value=\"\" type=\"text\" name=\"your-nachname\" \/><\/span> <\/label>\n<\/p>\n<p><label> Eure Anschrift*<br \/>\n<span class=\"wpcf7-form-control-wrap\" data-name=\"your-anschrift\"><input size=\"40\" maxlength=\"400\" class=\"wpcf7-form-control wpcf7-text wpcf7-validates-as-required\" aria-required=\"true\" aria-invalid=\"false\" value=\"\" type=\"text\" name=\"your-anschrift\" \/><\/span> <\/label>\n<\/p>\n<p><label> Eure Telefonverbindung*<br \/>\n<span class=\"wpcf7-form-control-wrap\" data-name=\"your-telefonnummer\"><input size=\"40\" maxlength=\"400\" class=\"wpcf7-form-control wpcf7-text wpcf7-validates-as-required\" aria-required=\"true\" aria-invalid=\"false\" value=\"\" type=\"text\" name=\"your-telefonnummer\" \/><\/span> <\/label>\n<\/p>\n<p><label> Eure E-Mail-Adresse*<br \/>\n<span class=\"wpcf7-form-control-wrap\" data-name=\"your-email\"><input size=\"40\" maxlength=\"400\" class=\"wpcf7-form-control wpcf7-email wpcf7-validates-as-required wpcf7-text wpcf7-validates-as-email\" aria-required=\"true\" aria-invalid=\"false\" value=\"\" type=\"email\" name=\"your-email\" \/><\/span> <\/label>\n<\/p>\n<p><label> Was ist Euer Begehr?<br \/>\n<span class=\"wpcf7-form-control-wrap\" data-name=\"your-message\"><textarea cols=\"40\" rows=\"10\" maxlength=\"2000\" class=\"wpcf7-form-control wpcf7-textarea\" aria-invalid=\"false\" name=\"your-message\"><\/textarea><\/span> <\/label>\n<\/p>\n<p><label>Mit \"*\" markierte Felder = Pflichtfelder<\/label>\n<\/p>\n<p><input type=\"hidden\" name=\"_wpcf7_captcha_challenge_captcha-170\" value=\"207445950\" \/><img loading=\"lazy\" decoding=\"async\" class=\"wpcf7-form-control wpcf7-captchac wpcf7-captcha-captcha-170\" width=\"72\" height=\"24\" alt=\"captcha\" src=\"https:\/\/wilfried-der-magier.de\/wp-content\/uploads\/wpcf7_captcha\/207445950.png\" \/><br \/>\n<span class=\"wpcf7-form-control-wrap\" data-name=\"captcha-170\"><input size=\"4\" maxlength=\"4\" class=\"wpcf7-form-control wpcf7-captchar\" autocomplete=\"off\" aria-invalid=\"false\" value=\"\" type=\"text\" name=\"captcha-170\" \/><\/span>\n<\/p>\n<p><input class=\"wpcf7-form-control wpcf7-submit has-spinner\" type=\"submit\" value=\"Senden\" \/>\n<\/p><div class=\"wpcf7-response-output\" aria-hidden=\"true\"><\/div>\n<\/form>\n<\/div>\n\n<\/div>\n<\/div>\n\n\n\n<div class=\"wp-block-columns is-layout-flex wp-container-core-columns-is-layout-9d6595d7 wp-block-columns-is-layout-flex\">\n<div class=\"wp-block-column is-layout-flow wp-block-column-is-layout-flow\"><\/div>\n<\/div>\n<\/div><\/div>\n","protected":false},"excerpt":{"rendered":"","protected":false},"author":1,"featured_media":0,"parent":0,"menu_order":0,"comment_status":"closed","ping_status":"closed","template":"","meta":{"footnotes":""},"class_list":["post-89","page","type-page","status-publish","hentry","entry"],"_links":{"self":[{"href":"https:\/\/wilfried-der-magier.de\/index.php?rest_route=\/wp\/v2\/pages\/89","targetHints":{"allow":["GET"]}}],"collection":[{"href":"https:\/\/wilfried-der-magier.de\/index.php?rest_route=\/wp\/v2\/pages"}],"about":[{"href":"https:\/\/wilfried-der-magier.de\/index.php?rest_route=\/wp\/v2\/types\/page"}],"author":[{"embeddable":true,"href":"https:\/\/wilfried-der-magier.de\/index.php?rest_route=\/wp\/v2\/users\/1"}],"replies":[{"embeddable":true,"href":"https:\/\/wilfried-der-magier.de\/index.php?rest_route=%2Fwp%2Fv2%2Fcomments&post=89"}],"version-history":[{"count":21,"href":"https:\/\/wilfried-der-magier.de\/index.php?rest_route=\/wp\/v2\/pages\/89\/revisions"}],"predecessor-version":[{"id":156,"href":"https:\/\/wilfried-der-magier.de\/index.php?rest_route=\/wp\/v2\/pages\/89\/revisions\/156"}],"wp:attachment":[{"href":"https:\/\/wilfried-der-magier.de\/index.php?rest_route=%2Fwp%2Fv2%2Fmedia&parent=89"}],"curies":[{"name":"wp","href":"https:\/\/api.w.org\/{rel}","templated":true}]}}