{"id":72,"date":"2021-11-26T11:50:09","date_gmt":"2021-11-26T11:50:09","guid":{"rendered":"https:\/\/wilfried-der-magier.de\/?page_id=72"},"modified":"2021-12-28T09:01:21","modified_gmt":"2021-12-28T09:01:21","slug":"datenschutz","status":"publish","type":"page","link":"https:\/\/wilfried-der-magier.de\/?page_id=72","title":{"rendered":"Datenschutz"},"content":{"rendered":"\n<div class=\"wp-block-cover alignfull has-background-dim\"><img loading=\"lazy\" decoding=\"async\" width=\"2560\" height=\"1711\" class=\"wp-block-cover__image-background wp-image-22\" alt=\"\" src=\"https:\/\/wilfried-der-magier.de\/wp-content\/uploads\/2021\/11\/pexels-pixabay-235985-scaled.jpg\" data-object-fit=\"cover\" srcset=\"https:\/\/wilfried-der-magier.de\/wp-content\/uploads\/2021\/11\/pexels-pixabay-235985-scaled.jpg 2560w, https:\/\/wilfried-der-magier.de\/wp-content\/uploads\/2021\/11\/pexels-pixabay-235985-300x201.jpg 300w, https:\/\/wilfried-der-magier.de\/wp-content\/uploads\/2021\/11\/pexels-pixabay-235985-1024x684.jpg 1024w, https:\/\/wilfried-der-magier.de\/wp-content\/uploads\/2021\/11\/pexels-pixabay-235985-768x513.jpg 768w, https:\/\/wilfried-der-magier.de\/wp-content\/uploads\/2021\/11\/pexels-pixabay-235985-1536x1027.jpg 1536w, https:\/\/wilfried-der-magier.de\/wp-content\/uploads\/2021\/11\/pexels-pixabay-235985-2048x1369.jpg 2048w, https:\/\/wilfried-der-magier.de\/wp-content\/uploads\/2021\/11\/pexels-pixabay-235985-1568x1048.jpg 1568w\" sizes=\"auto, (max-width: 2560px) 100vw, 2560px\" \/><div class=\"wp-block-cover__inner-container is-layout-flow wp-block-cover-is-layout-flow\">\n<h3 class=\"has-text-align-center wp-block-heading\"><strong>Datenschutz<\/strong><\/h3>\n\n\n\n<div class=\"wp-block-columns alignfull is-layout-flex wp-container-core-columns-is-layout-9d6595d7 wp-block-columns-is-layout-flex\">\n<div class=\"wp-block-column is-layout-flow wp-block-column-is-layout-flow\">\n<p>Ich &nbsp;lege &nbsp;gro\u00dfen &nbsp;Wert &nbsp;auf &nbsp;den &nbsp;Schutz &nbsp;personenbezogener &nbsp;Daten. &nbsp;Nachfolgend &nbsp;informiere &nbsp;ich &nbsp;\u00fcber &nbsp;Art, &nbsp;Umfang &nbsp;und &nbsp;Zweck &nbsp;der &nbsp;Datenerhebung &nbsp;und &nbsp;-verwendung.<\/p>\n\n\n\n<p><strong>1. Erhebung und Verarbeitung von Daten<\/strong><br>Jeder \u00a0Zugriff \u00a0auf \u00a0meinem \u00a0Internetauftritt \u00a0und \u00a0jeder \u00a0Abruf \u00a0einer \u00a0auf \u00a0dieser \u00a0Internetseite \u00a0hinterlegten \u00a0Datei \u00a0werden \u00a0protokolliert, \u00a0um \u00a0die \u00a0Nutzung \u00a0des Internetangebots zu erm\u00f6glichen. Protokolliert werden:\u2022Name der abgerufenen Seite,\u2022Datum und Uhrzeit des Abrufs,\u2022\u00fcbertragene Datenmenge,\u2022Dauer des Besuchs,\u2022Meldung \u00fcber erfolgreichen Abruf,\u2022anfragende Domain,\u2022IP-Adresse (gek\u00fcrzt),\u2022benutzter Browser und\u2022verwendetes Betriebssystem.Zus\u00e4tzlich werden der Ger\u00e4tetyp (Desktop, Tablet, Smartphone etc.), die Ger\u00e4temarke und das dazugeh\u00f6rige Modell erfasst.Ich \u00a0bin \u00a0bestrebt, \u00a0anhand \u00a0von \u00a0Analysen \u00a0anonymisierter \u00a0Besucherstatistiken \u00a0ihr \u00a0Internetangebot \u00a0st\u00e4ndig \u00a0zu \u00a0verbessern. \u00a0Ich \u00a0nutze \u00a0dazu \u00a0auf \u00a0unseren Servern \u00a0\u00a0das \u00a0\u00a0Webanalyse-Tool \u00a0\u00a0PIWIK \u00a0\u00a0mit \u00a0\u00a0eingeschalteten \u00a0\u00a0Anonymisierungsfunktionen. \u00a0\u00a0PIWIK \u00a0\u00a0verwendet \u00a0\u00a0sog. \u00a0\u00a0&#8222;Cookies\u201d, \u00a0\u00a0Textdateien, \u00a0\u00a0die \u00a0\u00a0vom Anbieter \u00a0einer \u00a0Webseite \u00a0auf \u00a0Ihrem \u00a0Endger\u00e4t \u00a0gespeichert \u00a0und \u00a0ausgelesen \u00a0werden \u00a0und \u00a0die \u00a0Aufschluss \u00a0\u00fcber \u00a0Ihr \u00a0Nutzungsverhalten \u00a0im \u00a0Internet \u00a0geben. Die \u00a0durch \u00a0den \u00a0Cookie \u00a0erzeugten \u00a0Informationen \u00a0(einschlie\u00dflich \u00a0Ihrer \u00a0gek\u00fcrzten \u00a0IP-Adresse) \u00a0werden \u00a0gesch\u00fctzt \u00a0auf \u00a0einem \u00a0Server \u00a0in \u00a0Deutschland gespeichert. \u00a0Die \u00a0IP-Adresse \u00a0wird \u00a0dabei \u00a0anonymisiert. \u00a0Sie \u00a0k\u00f6nnen \u00a0Cookies \u00a0durch \u00a0eine \u00a0entsprechende \u00a0Einstellung \u00a0Ihrer \u00a0Browser-Software \u00a0blockieren. M\u00f6glicherweise k\u00f6nnen Sie in diesem Fall jedoch nicht s\u00e4mtliche Funktionen dieser Website vollst\u00e4ndig nutzen.Wenn \u00a0Sie \u00a0nicht \u00a0damit \u00a0einverstanden \u00a0sind, \u00a0dass \u00a0Daten \u00a0zu \u00a0Ihrem \u00a0Besuch \u00a0auf \u00a0meinem \u00a0Webauftritt \u00a0erhoben \u00a0und \u00a0ausgewertet \u00a0werden, \u00a0k\u00f6nnen \u00a0Sie \u00a0der Speicherung und Nutzung jederzeit widersprechen, indem Sie die Analyse durch das Statistiktool auf der folgenden Seite blockieren.<\/p>\n\n\n\n<p><strong>2. Pers\u00f6nliche Daten<br><\/strong>Weitergehende &nbsp;personenbezogene &nbsp;Daten &nbsp;werden &nbsp;nur &nbsp;erhoben, &nbsp;wenn &nbsp;Sie &nbsp;eine &nbsp;Anfrage &nbsp;an &nbsp;unsere &nbsp;E-Mail-Beratung &nbsp;stellen, &nbsp;Artikel &nbsp;im &nbsp;Shop &nbsp;bestellen oder sich zu einer pers\u00f6nlichen Beratung bzw. Veranstaltung anmelden.Bevor &nbsp;Sie &nbsp;eine &nbsp;Anfrage &nbsp;an &nbsp;meine &nbsp;E-Mail-Beratung &nbsp;richten &nbsp;oder &nbsp;mir &nbsp;Ihre &nbsp;Bestellung &nbsp;zusenden, &nbsp;registrieren &nbsp;Sie &nbsp;sich &nbsp;einmalig &nbsp;mit &nbsp;Ihrem &nbsp;Namen, &nbsp;Ihrer Postanschrift, &nbsp;&nbsp;E-Mail-Adresse &nbsp;&nbsp;und &nbsp;&nbsp;f\u00fcr &nbsp;&nbsp;eventuelle &nbsp;&nbsp;R\u00fcckfragen &nbsp;&nbsp;mit &nbsp;&nbsp;Ihrer &nbsp;&nbsp;Telefonnummer &nbsp;&nbsp;sowie &nbsp;&nbsp;einem &nbsp;&nbsp;Passwort. &nbsp;&nbsp;Das &nbsp;&nbsp;auf &nbsp;&nbsp;diese &nbsp;&nbsp;Art &nbsp;&nbsp;angelegte Kundenkonto k\u00f6nnen Sie jederzeit ohne Angabe von Gr\u00fcnden l\u00f6schen.Ich &nbsp;verwende &nbsp;die &nbsp;erhobenen &nbsp;Daten, &nbsp;um &nbsp;Ihre &nbsp;Anfrage\/Bestellung &nbsp;elektronisch &nbsp;zu &nbsp;best\u00e4tigen, &nbsp;sie &nbsp;auszuf\u00fchren, &nbsp;Ihnen &nbsp;unsere &nbsp;Rechnung &nbsp;zuzusenden und &nbsp;um &nbsp;festzustellen, &nbsp;ob &nbsp;Sie &nbsp;diese &nbsp;beglichen &nbsp;haben. &nbsp;Vor &nbsp;Absendung &nbsp;Ihrer &nbsp;Anfrage\/Bestellung &nbsp;frage &nbsp;ich &nbsp;Sie &nbsp;auch, &nbsp;ob &nbsp;ich &nbsp;Ihre &nbsp;Daten &nbsp;speichern &nbsp;darf, um &nbsp;Ihnen &nbsp;Informationen &nbsp;\u00fcber &nbsp;meine &nbsp;Produkte &nbsp;und &nbsp;Dienstleistungen &nbsp;zusenden &nbsp;zu &nbsp;k\u00f6nnen. &nbsp;F\u00fcr &nbsp;statistische &nbsp;Zwecke &nbsp;werde &nbsp;ich &nbsp;die &nbsp;Daten &nbsp;lediglich anonymisiert &nbsp;&nbsp;speichern &nbsp;&nbsp;und &nbsp;&nbsp;auswerten. &nbsp;&nbsp;Eine &nbsp;&nbsp;Weitergabe &nbsp;&nbsp;Ihrer &nbsp;&nbsp;personenbezogenen &nbsp;&nbsp;Daten &nbsp;&nbsp;an &nbsp;&nbsp;Dritte &nbsp;&nbsp;erfolgt &nbsp;&nbsp;nur, &nbsp;&nbsp;wenn &nbsp;&nbsp;sie &nbsp;&nbsp;zuvor &nbsp;&nbsp;ausdr\u00fccklich eingewilligt haben.Ich &nbsp;nutze &nbsp;bei &nbsp;der &nbsp;Beratung &nbsp;und &nbsp;\u00fcber &nbsp;unsere &nbsp;Kontaktformulare &nbsp;erhobene &nbsp;Daten &nbsp;in &nbsp;pseudonymisierter &nbsp;Form, &nbsp;um &nbsp;meine &nbsp;Beratungsangebote &nbsp;den &nbsp;sich \u00e4ndernden &nbsp;Verbraucherbed\u00fcrfnissen &nbsp;anzupassen, &nbsp;strukturelle &nbsp;Probleme &nbsp;zu &nbsp;erkennen &nbsp;und &nbsp;sichtbar &nbsp;zu &nbsp;machen. &nbsp;Dabei &nbsp;arbeite &nbsp;ich &nbsp;mit &nbsp;anderen Anbietern &nbsp;zusammen, &nbsp;die &nbsp;ebenfalls &nbsp;ein &nbsp;hohes &nbsp;Datenschutzniveau &nbsp;gew\u00e4hrleisten. &nbsp;Die &nbsp;Weitergabe &nbsp;von &nbsp;Angaben &nbsp;erfolgt &nbsp;dabei &nbsp;grunds\u00e4tzlich &nbsp;ohne Namen, Anschriften, Telefonnummern und E-Mail-Adressen.&nbsp;Falls &nbsp;Sie &nbsp;dennoch &nbsp;nicht &nbsp;m\u00f6chten, &nbsp;dass &nbsp;Informationen &nbsp;aus &nbsp;Ihrer &nbsp;Beratung &nbsp;bzw. &nbsp;Beschwerde &nbsp;in &nbsp;eine &nbsp;solche &nbsp;Untersuchung &nbsp;einflie\u00dfen, &nbsp;k\u00f6nnen &nbsp;Sie &nbsp;der Verwendung &nbsp;der &nbsp;pseudonymisierten &nbsp;Daten &nbsp;widersprechen. &nbsp;Den &nbsp;Widerspruch &nbsp;k\u00f6nnen &nbsp;Sie &nbsp;einfach &nbsp;per &nbsp;E-Mail &nbsp;an &nbsp;mich &nbsp;richten. &nbsp;Eine &nbsp;Beratung &nbsp;ist &nbsp;auch im Fall des Widerspruchs m\u00f6glich.Ihre &nbsp;Anfrage &nbsp;und &nbsp;meine &nbsp;Antwort &nbsp;bzw. &nbsp;Ihre &nbsp;Bestellvorg\u00e4nge &nbsp;bleiben &nbsp;so &nbsp;lange &nbsp;in &nbsp;Ihrem &nbsp;pers\u00f6nlichen &nbsp;Konto &nbsp;auf &nbsp;meiner &nbsp;Internetseite, &nbsp;bis &nbsp;Sie &nbsp;sie &nbsp;selbst l\u00f6schen. Ich speicher den Vorgang im Rahmen der gesetzlichen Aufbewahrungsfristen auf meinen internen Systemen.Wenn &nbsp;Sie &nbsp;die &nbsp;Einwilligung &nbsp;zur &nbsp;Speicherung &nbsp;Ihrer &nbsp;Daten &nbsp;zwecks &nbsp;Informationen &nbsp;\u00fcber &nbsp;meine &nbsp;Produkte &nbsp;und &nbsp;Dienstleistungen &nbsp;erteilt &nbsp;haben, &nbsp;k\u00f6nnen &nbsp;Sie diese &nbsp;jederzeit &nbsp;mit &nbsp;Wirkung &nbsp;f\u00fcr &nbsp;die &nbsp;Zukunft &nbsp;widerrufen, &nbsp;z. &nbsp;B. &nbsp;per &nbsp;E-Mail &nbsp;oder &nbsp;unter &nbsp;Verwendung &nbsp;des &nbsp;entsprechenden &nbsp;Links &nbsp;in &nbsp;jedem &nbsp;einzelnen Newsletter. Die Daten werden dann umgehend gel\u00f6scht, und Sie erhalten keine Informationen mehr von mir.Sofern &nbsp;innerhalb &nbsp;des &nbsp;Internetangebotes &nbsp;die &nbsp;M\u00f6glichkeit &nbsp;zur &nbsp;Eingabe &nbsp;pers\u00f6nlicher &nbsp;oder &nbsp;gesch\u00e4ftlicher &nbsp;Daten &nbsp;besteht, &nbsp;so &nbsp;erfolgt &nbsp;die &nbsp;Preisgabe &nbsp;dieser Daten seitens des Nutzers auf ausdr\u00fccklich freiwilliger Basis.<\/p>\n\n\n\n<p><strong>3. Cookies<\/strong><br>Meine &nbsp;Internetseite &nbsp;verwendet &nbsp;Session &nbsp;Cookies. &nbsp;Session &nbsp;Cookies &nbsp;speichern &nbsp;Informationen, &nbsp;die &nbsp;w\u00e4hrend &nbsp;Ihres &nbsp;aktuellen &nbsp;Seitenbesuchs &nbsp;verwendet werden. &nbsp;Diese &nbsp;Cookies &nbsp;werden &nbsp;automatisch &nbsp;gel\u00f6scht, &nbsp;wenn &nbsp;Sie &nbsp;meine &nbsp;Seite &nbsp;verlassen. &nbsp;Mit &nbsp;Hilfe &nbsp;dieser &nbsp;Cookies &nbsp;stelle &nbsp;ich &nbsp;beispielsweise &nbsp;sicher, &nbsp;dass Sie &nbsp;Artikel &nbsp;in &nbsp;den &nbsp;Warenkorb &nbsp;legen &nbsp;und &nbsp;den &nbsp;Warenkorb &nbsp;zum &nbsp;Besuch &nbsp;weiterer &nbsp;Seiten &nbsp;unseres &nbsp;Internetauftritts &nbsp;verlassen &nbsp;k\u00f6nnen, &nbsp;ohne &nbsp;dass &nbsp;die vorgemerkten Artikel verloren gehen. Gleiches gilt, wenn Sie sich f\u00fcr die E-Mail-Beratung anmelden.Ich verwende Cookies nicht, um Besucher unserer Seiten mit Werbung zu versorgen.Die durch die Cookies erzeugten Informationen \u00fcber Ihre Benutzung dieser Webseite werden nicht an Dritte weitergegeben.Sie &nbsp;haben &nbsp;die &nbsp;M\u00f6glichkeit, &nbsp;die &nbsp;Nutzung &nbsp;von &nbsp;Cookies &nbsp;zu &nbsp;unterbinden. &nbsp;Dazu &nbsp;m\u00fcssen &nbsp;Sie &nbsp;die &nbsp;entsprechenden &nbsp;Einstellungen &nbsp;in &nbsp;Ihrem &nbsp;Internetbrowser (z.B. Internet Explorer, Mozilla Firefox, Opera oder Safari) \u00e4ndern.<\/p>\n\n\n\n<p><strong>4. Google Adwords<\/strong><br>Sofern &nbsp;wir &nbsp;im &nbsp;Zuge &nbsp;von &nbsp;Werbema\u00dfnahmen &nbsp;&#8211; &nbsp;befristet &nbsp;&#8211; &nbsp;das &nbsp;Google &nbsp;Conversion-Tracking &nbsp;nutzen, &nbsp;weise &nbsp;ich &nbsp;auf &nbsp;den &nbsp;betreffenden &nbsp;Seiten &nbsp;noch &nbsp;einmal darauf &nbsp;hin. &nbsp;Wenn &nbsp;Sie &nbsp;\u00fcber &nbsp;eine &nbsp;von &nbsp;Google &nbsp;geschaltete &nbsp;Anzeige &nbsp;auf &nbsp;die &nbsp;in &nbsp;Frage &nbsp;kommenden &nbsp;Webseiten &nbsp;gelangen, &nbsp;setzt &nbsp;Google &nbsp;Adwords &nbsp;ein &nbsp;Cookie auf Ihrem Rechner.Dieses &nbsp;Cookie &nbsp;verliert &nbsp;nach &nbsp;30 &nbsp;Tagen &nbsp;seine &nbsp;G\u00fcltigkeit. &nbsp;Es &nbsp;dient &nbsp;nicht &nbsp;der &nbsp;pers\u00f6nlichen &nbsp;Identifizierung. &nbsp;Besuchen &nbsp;Sie &nbsp;diese &nbsp;Seite &nbsp;erneut &nbsp;und &nbsp;das Cookie &nbsp;ist &nbsp;noch &nbsp;nicht &nbsp;abgelaufen, &nbsp;kann &nbsp;ich &nbsp;und &nbsp;Google &nbsp;erkennen, &nbsp;dass &nbsp;Sie &nbsp;auf &nbsp;die &nbsp;Anzeige &nbsp;geklickt &nbsp;haben &nbsp;und &nbsp;zu &nbsp;dieser &nbsp;Seite &nbsp;weitergeleitet &nbsp;worden sind. &nbsp;Jeder &nbsp;Google &nbsp;AdWords-Kunde &nbsp;erh\u00e4lt &nbsp;ein &nbsp;anderes &nbsp;Cookie. &nbsp;Cookies &nbsp;k\u00f6nnen &nbsp;somit &nbsp;nicht &nbsp;\u00fcber &nbsp;die &nbsp;Websites &nbsp;von &nbsp;AdWords-Kunden &nbsp;nachverfolgt werden.Die &nbsp;mithilfe &nbsp;des &nbsp;Conversion-Cookies &nbsp;eingeholten &nbsp;Informationen &nbsp;dienen &nbsp;dazu, &nbsp;uns &nbsp;Informationen &nbsp;\u00fcber &nbsp;die &nbsp;Gesamtanzahl &nbsp;der &nbsp;Nutzer, &nbsp;die &nbsp;auf &nbsp;ihre Anzeige &nbsp;geklickt &nbsp;haben &nbsp;und &nbsp;zu &nbsp;einer &nbsp;mit &nbsp;einem &nbsp;Conversion-Tracking-Tag &nbsp;versehenen &nbsp;Seite &nbsp;weitergeleitet &nbsp;wurden, &nbsp;zu &nbsp;liefern. &nbsp;Ich &nbsp;erhalte &nbsp;jedoch &nbsp;keine Informationen, mit denen sich Nutzer pers\u00f6nlich identifizieren lassen.Wenn &nbsp;Sie &nbsp;nicht &nbsp;am &nbsp;Tracking &nbsp;teilnehmen &nbsp;m\u00f6chten, &nbsp;k\u00f6nnen &nbsp;Sie &nbsp;das &nbsp;Cookie &nbsp;ablehnen &nbsp;\u2013 &nbsp;etwa &nbsp;per &nbsp;Browser-Einstellung, &nbsp;die &nbsp;das &nbsp;automatische &nbsp;Setzen &nbsp;von Cookies generell deaktiviert oder Sie stellen Ihren Browser so ein, dass Cookies von der Domain &#8222;googleleadservices.com&#8220; blockiert werden.Bitte &nbsp;beachten &nbsp;Sie, &nbsp;dass &nbsp;Sie &nbsp;die &nbsp;Opt-out-Cookies &nbsp;nicht &nbsp;l\u00f6schen &nbsp;d\u00fcrfen, &nbsp;solange &nbsp;Sie &nbsp;keine &nbsp;Aufzeichnung &nbsp;von &nbsp;Messdaten &nbsp;w\u00fcnschen. &nbsp;Haben &nbsp;Sie &nbsp;alle &nbsp;Ihre Cookies im Browser gel\u00f6scht, m\u00fcssen Sie das jeweilige Opt-out Cookie erneut setzen.<\/p>\n\n\n\n<p><strong>5. Google Analytics<\/strong><br>Diese &nbsp;Website &nbsp;benutzt &nbsp;Google &nbsp;Analytics, &nbsp;einen &nbsp;Webanalysedienst &nbsp;der &nbsp;Google &nbsp;Inc. &nbsp;(\u201eGoogle\u201c). &nbsp;Google &nbsp;Analytics &nbsp;verwendet &nbsp;sog. &nbsp;\u201eCookies\u201c, &nbsp;Textdateien, die &nbsp;auf &nbsp;Ihrem &nbsp;Computer &nbsp;gespeichert &nbsp;werden &nbsp;und &nbsp;die &nbsp;eine &nbsp;Analyse &nbsp;der &nbsp;Benutzung &nbsp;der &nbsp;Website &nbsp;durch &nbsp;Sie &nbsp;erm\u00f6glichen. &nbsp;Die &nbsp;durch &nbsp;den &nbsp;Cookie erzeugten &nbsp;Informationen &nbsp;\u00fcber &nbsp;Ihre &nbsp;Benutzung &nbsp;dieser &nbsp;Website &nbsp;werden &nbsp;in &nbsp;der &nbsp;Regel &nbsp;an &nbsp;einen &nbsp;Server &nbsp;von &nbsp;Google &nbsp;in &nbsp;den &nbsp;USA &nbsp;\u00fcbertragen &nbsp;und &nbsp;dort gespeichert.Im &nbsp;Falle &nbsp;der &nbsp;Aktivierung &nbsp;der &nbsp;IP-Anonymisierung &nbsp;auf &nbsp;dieser &nbsp;Webseite, &nbsp;wird &nbsp;Ihre &nbsp;IP-Adresse &nbsp;von &nbsp;Google &nbsp;jedoch &nbsp;innerhalb &nbsp;von &nbsp;Mitgliedstaaten &nbsp;der Europ\u00e4ischen &nbsp;&nbsp;&nbsp;Union &nbsp;&nbsp;&nbsp;oder &nbsp;&nbsp;&nbsp;in &nbsp;&nbsp;&nbsp;anderen &nbsp;&nbsp;&nbsp;Vertragsstaaten &nbsp;&nbsp;&nbsp;des &nbsp;&nbsp;&nbsp;Abkommens &nbsp;&nbsp;&nbsp;\u00fcber &nbsp;&nbsp;&nbsp;den &nbsp;&nbsp;&nbsp;Europ\u00e4ischen &nbsp;&nbsp;&nbsp;Wirtschaftsraum &nbsp;&nbsp;&nbsp;zuvor &nbsp;&nbsp;&nbsp;gek\u00fcrzt. &nbsp;&nbsp;&nbsp;Nur &nbsp;&nbsp;&nbsp;in Ausnahmef\u00e4llen &nbsp;wird &nbsp;die &nbsp;volle &nbsp;IP-Adresse &nbsp;an &nbsp;einen &nbsp;Server &nbsp;von &nbsp;Google &nbsp;in &nbsp;den &nbsp;USA &nbsp;\u00fcbertragen &nbsp;und &nbsp;dort &nbsp;gek\u00fcrzt. &nbsp;Die &nbsp;IP-Anonymisierung &nbsp;ist &nbsp;auf &nbsp;dieser Website &nbsp;aktiv. &nbsp;Im &nbsp;Auftrag &nbsp;des &nbsp;Betreibers &nbsp;dieser &nbsp;Website &nbsp;wird &nbsp;Google &nbsp;diese &nbsp;Informationen &nbsp;benutzen, &nbsp;um &nbsp;Ihre &nbsp;Nutzung &nbsp;der &nbsp;Website &nbsp;auszuwerten, &nbsp;um Reports &nbsp;&nbsp;\u00fcber &nbsp;&nbsp;die &nbsp;&nbsp;Websiteaktivit\u00e4ten &nbsp;&nbsp;zusammenzustellen &nbsp;&nbsp;und &nbsp;&nbsp;um &nbsp;&nbsp;weitere &nbsp;&nbsp;mit &nbsp;&nbsp;der &nbsp;&nbsp;Websitenutzung &nbsp;&nbsp;und &nbsp;&nbsp;der &nbsp;&nbsp;Internetnutzung &nbsp;&nbsp;verbundene Dienstleistungen gegen\u00fcber dem Websitebetreiber zu erbringen.Die &nbsp;im &nbsp;Rahmen &nbsp;von &nbsp;Google &nbsp;Analytics &nbsp;von &nbsp;Ihrem &nbsp;Browser &nbsp;\u00fcbermittelte &nbsp;IP-Adresse &nbsp;wird &nbsp;nicht &nbsp;mit &nbsp;anderen &nbsp;Daten &nbsp;von &nbsp;Google &nbsp;zusammengef\u00fchrt. &nbsp;Sie k\u00f6nnen &nbsp;die &nbsp;Speicherung &nbsp;der &nbsp;Cookies &nbsp;durch &nbsp;eine &nbsp;entsprechende &nbsp;Einstellung &nbsp;Ihrer &nbsp;Browser-Software &nbsp;verhindern; &nbsp;wir &nbsp;weisen &nbsp;Sie &nbsp;jedoch &nbsp;darauf &nbsp;hin, dass &nbsp;Sie &nbsp;in &nbsp;diesem &nbsp;Fall &nbsp;gegebenenfalls &nbsp;nicht &nbsp;s\u00e4mtliche &nbsp;Funktionen &nbsp;dieser &nbsp;Website &nbsp;vollumf\u00e4nglich &nbsp;werden &nbsp;nutzen &nbsp;k\u00f6nnen. &nbsp;Sie &nbsp;k\u00f6nnen &nbsp;dar\u00fcber &nbsp;hinaus die &nbsp;Erfassung &nbsp;der &nbsp;durch &nbsp;das &nbsp;Cookie &nbsp;erzeugten &nbsp;und &nbsp;auf &nbsp;Ihre &nbsp;Nutzung &nbsp;der &nbsp;Website &nbsp;bezogenen &nbsp;Daten &nbsp;(inkl. &nbsp;Ihrer &nbsp;IP-Adresse) &nbsp;an &nbsp;Google &nbsp;sowie &nbsp;die Verarbeitung &nbsp;&nbsp;dieser &nbsp;&nbsp;Daten &nbsp;&nbsp;durch &nbsp;&nbsp;Google &nbsp;&nbsp;verhindern, &nbsp;&nbsp;indem &nbsp;&nbsp;sie &nbsp;&nbsp;das &nbsp;&nbsp;unter &nbsp;&nbsp;dem &nbsp;&nbsp;folgenden &nbsp;&nbsp;Link &nbsp;&nbsp;verf\u00fcgbare &nbsp;&nbsp;Browser-Plugin &nbsp;&nbsp;herunterladen &nbsp;&nbsp;und installieren: http:\/\/tools.google.com\/dlpage\/gaoptout?hl=de(Google Analytics-Erk\u00e4rung entnommen von: http:\/\/rechtsanwalt-schwenke.de\/google-analytics-rechtssicher-nutzen-anleitung-fuer-webmaster\/)<\/p>\n\n\n\n<p><strong>6. Auskunftsrecht<br><\/strong>Auf Anfrage informiere ich Sie \u00fcber die zu Ihrer Person gespeicherten Daten. Meine Kontaktdaten finden Sie im Impressum.<\/p>\n\n\n\n<p><strong>7. Urheberrecht und Recht am eigenen Bild<\/strong><br>Ich &nbsp;bin &nbsp;bestrebt, &nbsp;in &nbsp;allen &nbsp;Publikationen &nbsp;die &nbsp;Urheberrechte &nbsp;der &nbsp;verwendeten &nbsp;Grafik- &nbsp;und &nbsp;Tondateien &nbsp;und &nbsp;Texte &nbsp;zu &nbsp;beachten, &nbsp;von &nbsp;mir &nbsp;selbst &nbsp;erstellte Grafiken, &nbsp;&nbsp;Sounds &nbsp;&nbsp;und &nbsp;&nbsp;Texte &nbsp;&nbsp;zu &nbsp;&nbsp;nutzen &nbsp;&nbsp;oder &nbsp;&nbsp;auf &nbsp;&nbsp;lizenzfreie &nbsp;&nbsp;Grafiken, &nbsp;&nbsp;Sounds &nbsp;&nbsp;und &nbsp;&nbsp;Texte &nbsp;&nbsp;zur\u00fcckzugreifen. &nbsp;&nbsp;Sollte &nbsp;&nbsp;sich &nbsp;&nbsp;auf &nbsp;&nbsp;den &nbsp;&nbsp;jeweiligen &nbsp;&nbsp;Seiten dennoch &nbsp;eine &nbsp;ungekennzeichnete, &nbsp;aber &nbsp;durch &nbsp;fremdes &nbsp;Urheberrecht &nbsp;gesch\u00fctzte &nbsp;Grafik, &nbsp;ein &nbsp;Sound &nbsp;oder &nbsp;Text &nbsp;befinden, &nbsp;so &nbsp;konnte &nbsp;das &nbsp;Urheberrecht von &nbsp;uns &nbsp;nicht &nbsp;festgestellt &nbsp;werden. &nbsp;Im &nbsp;Falle &nbsp;einer &nbsp;solchen &nbsp;unbeabsichtigten &nbsp;Urheberrechtsverletzung &nbsp;werde &nbsp;ich &nbsp;das &nbsp;entsprechende &nbsp;Objekt &nbsp;nach Benachrichtigung &nbsp;&nbsp;aus &nbsp;&nbsp;seiner &nbsp;&nbsp;Publikation &nbsp;&nbsp;entfernen &nbsp;&nbsp;bzw. &nbsp;&nbsp;mit &nbsp;&nbsp;dem &nbsp;&nbsp;entsprechenden &nbsp;&nbsp;Urheberrecht &nbsp;&nbsp;kenntlich &nbsp;&nbsp;machen. &nbsp;&nbsp;Das &nbsp;&nbsp;Urheberrecht &nbsp;&nbsp;f\u00fcr ver\u00f6ffentlichte, &nbsp;von &nbsp;mirselbst &nbsp;erstellte &nbsp;Objekte &nbsp;bleibt &nbsp;allein &nbsp;beim &nbsp;Autor &nbsp;der &nbsp;Seiten. &nbsp;Eine &nbsp;Vervielf\u00e4ltigung &nbsp;oder &nbsp;Verwendung &nbsp;solcher &nbsp;Grafiken, &nbsp;Sounds oder Texte in anderen elektronischen oder gedruckten Publikationen ist ohne unsere ausdr\u00fcckliche Zustimmung nicht gestattet.<\/p>\n<\/div>\n<\/div>\n<\/div><\/div>\n\n\n\n<div class=\"wp-block-columns alignfull is-layout-flex wp-container-core-columns-is-layout-9d6595d7 wp-block-columns-is-layout-flex\">\n<div class=\"wp-block-column is-layout-flow wp-block-column-is-layout-flow\"><\/div>\n<\/div>\n","protected":false},"excerpt":{"rendered":"","protected":false},"author":1,"featured_media":0,"parent":0,"menu_order":0,"comment_status":"closed","ping_status":"closed","template":"","meta":{"footnotes":""},"class_list":["post-72","page","type-page","status-publish","hentry","entry"],"_links":{"self":[{"href":"https:\/\/wilfried-der-magier.de\/index.php?rest_route=\/wp\/v2\/pages\/72","targetHints":{"allow":["GET"]}}],"collection":[{"href":"https:\/\/wilfried-der-magier.de\/index.php?rest_route=\/wp\/v2\/pages"}],"about":[{"href":"https:\/\/wilfried-der-magier.de\/index.php?rest_route=\/wp\/v2\/types\/page"}],"author":[{"embeddable":true,"href":"https:\/\/wilfried-der-magier.de\/index.php?rest_route=\/wp\/v2\/users\/1"}],"replies":[{"embeddable":true,"href":"https:\/\/wilfried-der-magier.de\/index.php?rest_route=%2Fwp%2Fv2%2Fcomments&post=72"}],"version-history":[{"count":11,"href":"https:\/\/wilfried-der-magier.de\/index.php?rest_route=\/wp\/v2\/pages\/72\/revisions"}],"predecessor-version":[{"id":113,"href":"https:\/\/wilfried-der-magier.de\/index.php?rest_route=\/wp\/v2\/pages\/72\/revisions\/113"}],"wp:attachment":[{"href":"https:\/\/wilfried-der-magier.de\/index.php?rest_route=%2Fwp%2Fv2%2Fmedia&parent=72"}],"curies":[{"name":"wp","href":"https:\/\/api.w.org\/{rel}","templated":true}]}}