{"id":59,"date":"2021-11-26T11:40:46","date_gmt":"2021-11-26T11:40:46","guid":{"rendered":"https:\/\/wilfried-der-magier.de\/?page_id=59"},"modified":"2021-11-26T11:40:46","modified_gmt":"2021-11-26T11:40:46","slug":"impressum","status":"publish","type":"page","link":"https:\/\/wilfried-der-magier.de\/?page_id=59","title":{"rendered":"Impressum"},"content":{"rendered":"\n<div class=\"wp-block-cover alignfull has-background-dim\"><img loading=\"lazy\" decoding=\"async\" width=\"2560\" height=\"1711\" class=\"wp-block-cover__image-background wp-image-22\" alt=\"\" src=\"https:\/\/wilfried-der-magier.de\/wp-content\/uploads\/2021\/11\/pexels-pixabay-235985-scaled.jpg\" data-object-fit=\"cover\" srcset=\"https:\/\/wilfried-der-magier.de\/wp-content\/uploads\/2021\/11\/pexels-pixabay-235985-scaled.jpg 2560w, https:\/\/wilfried-der-magier.de\/wp-content\/uploads\/2021\/11\/pexels-pixabay-235985-300x201.jpg 300w, https:\/\/wilfried-der-magier.de\/wp-content\/uploads\/2021\/11\/pexels-pixabay-235985-1024x684.jpg 1024w, https:\/\/wilfried-der-magier.de\/wp-content\/uploads\/2021\/11\/pexels-pixabay-235985-768x513.jpg 768w, https:\/\/wilfried-der-magier.de\/wp-content\/uploads\/2021\/11\/pexels-pixabay-235985-1536x1027.jpg 1536w, https:\/\/wilfried-der-magier.de\/wp-content\/uploads\/2021\/11\/pexels-pixabay-235985-2048x1369.jpg 2048w, https:\/\/wilfried-der-magier.de\/wp-content\/uploads\/2021\/11\/pexels-pixabay-235985-1568x1048.jpg 1568w\" sizes=\"auto, (max-width: 2560px) 100vw, 2560px\" \/><div class=\"wp-block-cover__inner-container is-layout-flow wp-block-cover-is-layout-flow\">\n<h3 class=\"has-text-align-center wp-block-heading\"><strong>Impressum<\/strong><\/h3>\n\n\n\n<p>Wilfried Seinsche<br>Karl-Arnold-Str. 11<br>59329 Wadersloh (Deutschland)<br><br>Email:\u00a0<br>wilfried.seinsche(at)t-online.de<br><br>Telefon: +49 (0) 2523 \/ 92 34 74<br>Mobil: +49 (0) 173 \/  270 03 26<br><br>F\u00fcr den Inhalt verantwortlich gem\u00e4\u00df \u00a7 10 Absatz 3 MDStV:<br>Wilfried Seinsche<br><br>Realisierung:<br>Bernhard Luksch<br><br>www.luksch-werbung.de<\/p>\n<\/div><\/div>\n","protected":false},"excerpt":{"rendered":"","protected":false},"author":1,"featured_media":0,"parent":0,"menu_order":0,"comment_status":"closed","ping_status":"closed","template":"","meta":{"footnotes":""},"class_list":["post-59","page","type-page","status-publish","hentry","entry"],"_links":{"self":[{"href":"https:\/\/wilfried-der-magier.de\/index.php?rest_route=\/wp\/v2\/pages\/59","targetHints":{"allow":["GET"]}}],"collection":[{"href":"https:\/\/wilfried-der-magier.de\/index.php?rest_route=\/wp\/v2\/pages"}],"about":[{"href":"https:\/\/wilfried-der-magier.de\/index.php?rest_route=\/wp\/v2\/types\/page"}],"author":[{"embeddable":true,"href":"https:\/\/wilfried-der-magier.de\/index.php?rest_route=\/wp\/v2\/users\/1"}],"replies":[{"embeddable":true,"href":"https:\/\/wilfried-der-magier.de\/index.php?rest_route=%2Fwp%2Fv2%2Fcomments&post=59"}],"version-history":[{"count":1,"href":"https:\/\/wilfried-der-magier.de\/index.php?rest_route=\/wp\/v2\/pages\/59\/revisions"}],"predecessor-version":[{"id":60,"href":"https:\/\/wilfried-der-magier.de\/index.php?rest_route=\/wp\/v2\/pages\/59\/revisions\/60"}],"wp:attachment":[{"href":"https:\/\/wilfried-der-magier.de\/index.php?rest_route=%2Fwp%2Fv2%2Fmedia&parent=59"}],"curies":[{"name":"wp","href":"https:\/\/api.w.org\/{rel}","templated":true}]}}